{"id":452,"date":"2021-07-03T18:38:28","date_gmt":"2021-07-03T16:38:28","guid":{"rendered":"https:\/\/www.oernens.dk\/?page_id=452"},"modified":"2021-07-12T12:50:42","modified_gmt":"2021-07-12T10:50:42","slug":"om-oernens","status":"publish","type":"page","link":"https:\/\/www.oernens.dk\/index.php\/om-oernens\/","title":{"rendered":"Om \u00d8rnens"},"content":{"rendered":"\t\t<div data-elementor-type=\"wp-page\" data-elementor-id=\"452\" class=\"elementor elementor-452\" data-elementor-post-type=\"page\">\n\t\t\t\t\t\t<section class=\"elementor-section elementor-top-section elementor-element elementor-element-78909fd elementor-section-boxed elementor-section-height-default elementor-section-height-default\" data-id=\"78909fd\" data-element_type=\"section\" data-settings=\"{&quot;background_background&quot;:&quot;classic&quot;}\">\n\t\t\t\t\t\t\t<div class=\"elementor-background-overlay\"><\/div>\n\t\t\t\t\t\t\t<div class=\"elementor-container elementor-column-gap-default\">\n\t\t\t\t\t<div class=\"elementor-column elementor-col-100 elementor-top-column elementor-element elementor-element-ae8dab2\" data-id=\"ae8dab2\" data-element_type=\"column\">\n\t\t\t<div class=\"elementor-widget-wrap elementor-element-populated\">\n\t\t\t\t\t\t<section class=\"elementor-section elementor-inner-section elementor-element elementor-element-9f4e7c9 elementor-section-boxed elementor-section-height-default elementor-section-height-default\" data-id=\"9f4e7c9\" data-element_type=\"section\">\n\t\t\t\t\t\t<div class=\"elementor-container elementor-column-gap-default\">\n\t\t\t\t\t<div class=\"elementor-column elementor-col-100 elementor-inner-column elementor-element elementor-element-7e41ae9\" data-id=\"7e41ae9\" data-element_type=\"column\">\n\t\t\t<div class=\"elementor-widget-wrap elementor-element-populated\">\n\t\t\t\t\t\t<div class=\"elementor-element elementor-element-a1ef9ee elementor-widget elementor-widget-heading\" data-id=\"a1ef9ee\" data-element_type=\"widget\" data-widget_type=\"heading.default\">\n\t\t\t\t<div class=\"elementor-widget-container\">\n\t\t\t\t\t<h2 class=\"elementor-heading-title elementor-size-default\">Om \u00d8rnens<\/h2>\t\t\t\t<\/div>\n\t\t\t\t<\/div>\n\t\t\t\t<div class=\"elementor-element elementor-element-d971363 elementor-widget elementor-widget-text-editor\" data-id=\"d971363\" data-element_type=\"widget\" data-widget_type=\"text-editor.default\">\n\t\t\t\t<div class=\"elementor-widget-container\">\n\t\t\t\t\t\t\t\t\t<p>\u00d8rnens Gulvafh\u00f8vling blev etableret i 1948 af Josva Matinussen, der drev virksomheden i en tid uden maskiner, s\u00e5 det var fysisk meget h\u00e5rd h\u00e5ndv\u00e6rk.\u00a0<\/p><p>Niels Hansen overtog firmaet i 1981 og leverede et professionelt stykke arbejde s\u00e5vel med hensyn til udf\u00f8relse, aftalt tid og aftalt pris.<\/p><p>Michael Hansen er seneste led i k\u00e6den. Han driver stadig firmaet efter de gamle dyder, hvor kunden er i centrum, og hvor der aldrig sl\u00e6kkes p\u00e5 kvaliteten i det udf\u00f8rte arbejde. Hos \u00d8rnens Gulvafh\u00f8vling m\u00f8des du med over 50 \u00e5rs erfaring med b\u00e5de produkter og gulve og med l\u00f8sninger p\u00e5 at f\u00e5 netop dit gulv smukt igen.\u00a0<\/p><p>Vi lever &#8211; og leverer &#8211; efter mottoet: Professionel Viden, Erfaring og Flid &#8211; siden 1948!\u00a0<\/p><p>Firmaets arbejdsomr\u00e5der er siden 1981 udbygget med hjemmeservice, skadedyrsbek\u00e6mpelse og h\u00e5ndv\u00e6rkerhj\u00e6lp.<\/p><p>Som det seneste, men meget vigtige, er radonbeskyttelse kommet til &#8211; et arbejdsomr\u00e5de, der kr\u00e6ver b\u00e5de teoretisk og praktisk viden.\u00a0 Vores sagkyndige er officielt certificerede af Aalborg Universitet og af Ardex!<\/p><p>Ring for uforpligtende tilbud, s\u00e5 vi kan levere et smukt og professionelt resultat ogs\u00e5 til dig!<\/p>\t\t\t\t\t\t\t\t<\/div>\n\t\t\t\t<\/div>\n\t\t\t\t<div class=\"elementor-element elementor-element-c7606d0 elementor-widget elementor-widget-htmega-button-addons\" data-id=\"c7606d0\" data-element_type=\"widget\" data-widget_type=\"htmega-button-addons.default\">\n\t\t\t\t<div class=\"elementor-widget-container\">\n\t\t\t\t\t<div class=\"htmega-button htmega-btn-style-1 htmega-btn-shadow-0\"><a href=\"https:\/\/www.oernens.dk\/index.php\/kontakt-os\/\" class=\"htb-btn htmega-btn-size-md htmega-btn-effect-0 elementor-animation-grow\">Kontakt os<\/a><\/div>\t\t\t\t<\/div>\n\t\t\t\t<\/div>\n\t\t\t\t\t<\/div>\n\t\t<\/div>\n\t\t\t\t\t<\/div>\n\t\t<\/section>\n\t\t\t\t\t<\/div>\n\t\t<\/div>\n\t\t\t\t\t<\/div>\n\t\t<\/section>\n\t\t\t\t<\/div>\n\t\t","protected":false},"excerpt":{"rendered":"<p>Om \u00d8rnens \u00d8rnens Gulvafh\u00f8vling blev etableret i 1948 af Josva Matinussen, der drev virksomheden i en tid uden maskiner, s\u00e5 det var fysisk meget h\u00e5rd h\u00e5ndv\u00e6rk.\u00a0 Niels Hansen overtog firmaet i 1981 og leverede et professionelt stykke arbejde s\u00e5vel med hensyn til udf\u00f8relse, aftalt tid og aftalt pris. Michael Hansen er seneste led i k\u00e6den. [&hellip;]<\/p>\n","protected":false},"author":1,"featured_media":0,"parent":0,"menu_order":0,"comment_status":"closed","ping_status":"closed","template":"","meta":{"footnotes":""},"class_list":["post-452","page","type-page","status-publish","hentry"],"_links":{"self":[{"href":"https:\/\/www.oernens.dk\/index.php\/wp-json\/wp\/v2\/pages\/452","targetHints":{"allow":["GET"]}}],"collection":[{"href":"https:\/\/www.oernens.dk\/index.php\/wp-json\/wp\/v2\/pages"}],"about":[{"href":"https:\/\/www.oernens.dk\/index.php\/wp-json\/wp\/v2\/types\/page"}],"author":[{"embeddable":true,"href":"https:\/\/www.oernens.dk\/index.php\/wp-json\/wp\/v2\/users\/1"}],"replies":[{"embeddable":true,"href":"https:\/\/www.oernens.dk\/index.php\/wp-json\/wp\/v2\/comments?post=452"}],"version-history":[{"count":55,"href":"https:\/\/www.oernens.dk\/index.php\/wp-json\/wp\/v2\/pages\/452\/revisions"}],"predecessor-version":[{"id":1143,"href":"https:\/\/www.oernens.dk\/index.php\/wp-json\/wp\/v2\/pages\/452\/revisions\/1143"}],"wp:attachment":[{"href":"https:\/\/www.oernens.dk\/index.php\/wp-json\/wp\/v2\/media?parent=452"}],"curies":[{"name":"wp","href":"https:\/\/api.w.org\/{rel}","templated":true}]}}