{"id":445,"date":"2021-07-03T18:36:02","date_gmt":"2021-07-03T16:36:02","guid":{"rendered":"https:\/\/www.oernens.dk\/?page_id=445"},"modified":"2021-07-10T15:41:14","modified_gmt":"2021-07-10T13:41:14","slug":"radon","status":"publish","type":"page","link":"https:\/\/www.oernens.dk\/index.php\/radon\/","title":{"rendered":"Radon"},"content":{"rendered":"\t\t<div data-elementor-type=\"wp-page\" data-elementor-id=\"445\" class=\"elementor elementor-445\" data-elementor-post-type=\"page\">\n\t\t\t\t\t\t<section class=\"elementor-section elementor-top-section elementor-element elementor-element-5663da0 elementor-section-boxed elementor-section-height-default elementor-section-height-default\" data-id=\"5663da0\" data-element_type=\"section\">\n\t\t\t\t\t\t<div class=\"elementor-container elementor-column-gap-default\">\n\t\t\t\t\t<div class=\"elementor-column elementor-col-50 elementor-top-column elementor-element elementor-element-13dc20aa\" data-id=\"13dc20aa\" data-element_type=\"column\" data-settings=\"{&quot;background_background&quot;:&quot;classic&quot;}\">\n\t\t\t<div class=\"elementor-widget-wrap elementor-element-populated\">\n\t\t\t\t\t\t<div class=\"elementor-element elementor-element-d9b2a41 elementor-widget elementor-widget-heading\" data-id=\"d9b2a41\" data-element_type=\"widget\" data-widget_type=\"heading.default\">\n\t\t\t\t<div class=\"elementor-widget-container\">\n\t\t\t\t\t<h2 class=\"elementor-heading-title elementor-size-default\">Radon<\/h2>\t\t\t\t<\/div>\n\t\t\t\t<\/div>\n\t\t\t\t<div class=\"elementor-element elementor-element-dcdf343 elementor-widget elementor-widget-heading\" data-id=\"dcdf343\" data-element_type=\"widget\" data-widget_type=\"heading.default\">\n\t\t\t\t<div class=\"elementor-widget-container\">\n\t\t\t\t\t<h2 class=\"elementor-heading-title elementor-size-default\">Radon \u2013 den snigende dr\u00e6ber<\/h2>\t\t\t\t<\/div>\n\t\t\t\t<\/div>\n\t\t\t\t<div class=\"elementor-element elementor-element-4d47e597 elementor-widget elementor-widget-text-editor\" data-id=\"4d47e597\" data-element_type=\"widget\" data-widget_type=\"text-editor.default\">\n\t\t\t\t<div class=\"elementor-widget-container\">\n\t\t\t\t\t\t\t\t\t<p>Den d\u00f8dbringende \u00e6delgas radon bliver ophobet i vores hjem, hvis vi ikke tager vores forh\u00e5ndsregler.\u00a0<\/p><p>\u00d8nsker du at l\u00e6se mere om radon, henviser vi gerne til<\/p><ul><li>Videncentret Bolius (bolius.dk)<\/li><li>Videnskab.dk (videnskab.dk)<\/li><li>Sundhedsstyrelsen (sst.dk)<\/li><li>Bolig- og Planstyrelsen (bpst.dk)<\/li><\/ul><p>\u00a0<\/p>\t\t\t\t\t\t\t\t<\/div>\n\t\t\t\t<\/div>\n\t\t\t\t\t<\/div>\n\t\t<\/div>\n\t\t\t\t<div class=\"elementor-column elementor-col-50 elementor-top-column elementor-element elementor-element-34501a0c\" data-id=\"34501a0c\" data-element_type=\"column\" data-settings=\"{&quot;background_background&quot;:&quot;classic&quot;}\">\n\t\t\t<div class=\"elementor-widget-wrap elementor-element-populated\">\n\t\t\t\t\t\t<div class=\"elementor-element elementor-element-9614467 elementor-view-default elementor-widget elementor-widget-icon\" data-id=\"9614467\" data-element_type=\"widget\" data-widget_type=\"icon.default\">\n\t\t\t\t<div class=\"elementor-widget-container\">\n\t\t\t\t\t\t\t<div class=\"elementor-icon-wrapper\">\n\t\t\t<div class=\"elementor-icon\">\n\t\t\t<svg xmlns=\"http:\/\/www.w3.org\/2000\/svg\" xmlns:xlink=\"http:\/\/www.w3.org\/1999\/xlink\" id=\"svg-cc2a\" x=\"0px\" y=\"0px\" viewBox=\"0 0 60 60\" style=\"enable-background:new 0 0 60 60;\" xml:space=\"preserve\" class=\"u-svg-content\"><path d=\"M60,30c0-4.463-2.94-8.25-6.984-9.533c1.954-3.766,1.354-8.524-1.802-11.68c-3.157-3.156-7.914-3.753-11.68-1.801   C38.252,2.941,34.463,0,30,0c-4.463,0-8.251,2.941-9.533,6.986C16.7,5.033,11.942,5.633,8.787,8.787   c-3.156,3.156-3.756,7.913-1.802,11.68C2.94,21.749,0,25.537,0,30s2.94,8.251,6.985,9.533c-1.953,3.766-1.354,8.524,1.802,11.68   c1.949,1.95,4.51,2.924,7.071,2.924c1.584,0,3.168-0.375,4.608-1.122C21.749,57.059,25.537,60,30,60s8.251-2.941,9.533-6.985   c1.44,0.747,3.024,1.122,4.609,1.122c2.561,0,5.122-0.975,7.071-2.924c3.156-3.156,3.756-7.914,1.802-11.68   C57.06,38.25,60,34.463,60,30z M2,30c0-3.774,2.63-6.938,6.151-7.775c0.2,0.242,0.41,0.478,0.636,0.704L15.858,30l-7.071,7.071   c-0.226,0.226-0.436,0.462-0.636,0.704C4.63,36.938,2,33.774,2,30z M18.687,30L20,28.687v2.627L18.687,30z M20,34.142V38h-9.313   l6.586-6.586L20,34.142z M17.272,28.586L10.687,22H20v3.858L17.272,28.586z M10.201,49.799c-2.668-2.668-3.046-6.765-1.149-9.847   C9.365,39.981,9.68,40,10,40h10v10c0,0.32,0.018,0.635,0.048,0.948C16.965,52.845,12.869,52.467,10.201,49.799z M20,10v10H10   c-0.32,0-0.635,0.019-0.948,0.048c-1.897-3.082-1.519-7.178,1.149-9.847c1.56-1.56,3.608-2.339,5.656-2.339   c1.457,0,2.91,0.402,4.191,1.19C20.018,9.365,20,9.68,20,10z M30,2c3.774,0,6.938,2.63,7.776,6.151   c-0.242,0.2-0.478,0.41-0.704,0.636L30,15.858l-7.071-7.071c-0.226-0.226-0.463-0.436-0.704-0.636C23.062,4.63,26.226,2,30,2z    M31.314,20h-2.627L30,18.687L31.314,20z M22,10.687l6.586,6.586L25.858,20H22V10.687z M22,22h1.858L22,23.858V22z M22,36.142   L23.858,38H22V36.142z M22,40h3.858l2.728,2.728L22,49.313V40z M30,58c-3.774,0-6.938-2.63-7.776-6.151   c0.242-0.2,0.478-0.41,0.704-0.636L30,44.142l7.071,7.071c0.226,0.226,0.463,0.436,0.704,0.636C36.938,55.37,33.774,58,30,58z    M28.687,40h2.627L30,41.313L28.687,40z M38,49.313l-6.586-6.586L34.142,40H38V49.313z M38,38h-1.858L38,36.142V38z M38,33.314   L33.314,38h-6.627L22,33.313v-6.627L26.687,22h6.627L38,26.686V33.314z M38,23.858L36.142,22H38V23.858z M38,20h-3.858   l-2.728-2.728L38,10.687V20z M44.143,7.862c2.049,0,4.098,0.779,5.657,2.339c2.668,2.668,3.046,6.765,1.149,9.847   C50.636,20.019,50.32,20,50,20H40V10c0-0.32-0.018-0.635-0.048-0.948C41.233,8.264,42.686,7.862,44.143,7.862z M42.728,31.414   L49.314,38H40v-3.858L42.728,31.414z M40,31.314v-2.628L41.314,30L40,31.314z M40,25.858V22h9.314l-6.586,6.586L40,25.858z    M49.8,49.799c-2.67,2.668-6.766,3.046-9.848,1.149C39.982,50.635,40,50.32,40,50V40h10c0.32,0,0.636-0.019,0.949-0.048   C52.846,43.034,52.468,47.13,49.8,49.799z M51.85,37.775c-0.2-0.242-0.41-0.478-0.636-0.704L44.142,30l7.072-7.071   c0.226-0.226,0.436-0.462,0.636-0.704C55.371,23.063,58,26.227,58,30S55.371,36.937,51.85,37.775z\"><\/path><\/svg>\t\t\t<\/div>\n\t\t<\/div>\n\t\t\t\t\t\t<\/div>\n\t\t\t\t<\/div>\n\t\t\t\t<div class=\"elementor-element elementor-element-166714d7 elementor-widget elementor-widget-image\" data-id=\"166714d7\" data-element_type=\"widget\" data-widget_type=\"image.default\">\n\t\t\t\t<div class=\"elementor-widget-container\">\n\t\t\t\t\t\t\t\t\t\t\t\t\t\t\t<img fetchpriority=\"high\" decoding=\"async\" width=\"392\" height=\"183\" src=\"https:\/\/www.oernens.dk\/wp-content\/uploads\/2021\/07\/alpha-decay.jpeg\" class=\"attachment-large size-large wp-image-963\" alt=\"\" srcset=\"https:\/\/www.oernens.dk\/wp-content\/uploads\/2021\/07\/alpha-decay.jpeg 392w, https:\/\/www.oernens.dk\/wp-content\/uploads\/2021\/07\/alpha-decay-300x140.jpeg 300w\" sizes=\"(max-width: 392px) 100vw, 392px\" \/>\t\t\t\t\t\t\t\t\t\t\t\t\t\t\t<\/div>\n\t\t\t\t<\/div>\n\t\t\t\t\t<\/div>\n\t\t<\/div>\n\t\t\t\t\t<\/div>\n\t\t<\/section>\n\t\t\t\t<section class=\"elementor-section elementor-top-section elementor-element elementor-element-2677f8e6 elementor-section-boxed elementor-section-height-default elementor-section-height-default\" data-id=\"2677f8e6\" data-element_type=\"section\">\n\t\t\t\t\t\t<div class=\"elementor-container elementor-column-gap-default\">\n\t\t\t\t\t<div class=\"elementor-column elementor-col-50 elementor-top-column elementor-element elementor-element-bfb40e2\" data-id=\"bfb40e2\" data-element_type=\"column\" data-settings=\"{&quot;background_background&quot;:&quot;classic&quot;}\">\n\t\t\t<div class=\"elementor-widget-wrap elementor-element-populated\">\n\t\t\t\t\t\t<div class=\"elementor-element elementor-element-64bae13 elementor-widget elementor-widget-video\" data-id=\"64bae13\" data-element_type=\"widget\" data-settings=\"{&quot;youtube_url&quot;:&quot;https:\\\/\\\/www.youtube.com\\\/watch?v=EWnFQWY_YuI&quot;,&quot;yt_privacy&quot;:&quot;yes&quot;,&quot;video_type&quot;:&quot;youtube&quot;,&quot;controls&quot;:&quot;yes&quot;}\" data-widget_type=\"video.default\">\n\t\t\t\t<div class=\"elementor-widget-container\">\n\t\t\t\t\t\t\t<div class=\"elementor-wrapper elementor-open-inline\">\n\t\t\t<div class=\"elementor-video\"><\/div>\t\t<\/div>\n\t\t\t\t\t\t<\/div>\n\t\t\t\t<\/div>\n\t\t\t\t<div class=\"elementor-element elementor-element-d45935b elementor-widget elementor-widget-text-editor\" data-id=\"d45935b\" data-element_type=\"widget\" data-widget_type=\"text-editor.default\">\n\t\t\t\t<div class=\"elementor-widget-container\">\n\t\t\t\t\t\t\t\t\t<p><em>Ekspert forklarer sundhedsfaren ved radon (kilde: Videncentret Bolius)<\/em><\/p>\t\t\t\t\t\t\t\t<\/div>\n\t\t\t\t<\/div>\n\t\t\t\t\t<\/div>\n\t\t<\/div>\n\t\t\t\t<div class=\"elementor-column elementor-col-50 elementor-top-column elementor-element elementor-element-240c37a0\" data-id=\"240c37a0\" data-element_type=\"column\" data-settings=\"{&quot;background_background&quot;:&quot;classic&quot;}\">\n\t\t\t<div class=\"elementor-widget-wrap elementor-element-populated\">\n\t\t\t\t\t\t<div class=\"elementor-element elementor-element-b5c055f elementor-widget elementor-widget-heading\" data-id=\"b5c055f\" data-element_type=\"widget\" data-widget_type=\"heading.default\">\n\t\t\t\t<div class=\"elementor-widget-container\">\n\t\t\t\t\t<h2 class=\"elementor-heading-title elementor-size-default\">Hvad er konsekvensen?<\/h2>\t\t\t\t<\/div>\n\t\t\t\t<\/div>\n\t\t\t\t<div class=\"elementor-element elementor-element-1baf80f2 elementor-widget elementor-widget-text-editor\" data-id=\"1baf80f2\" data-element_type=\"widget\" data-widget_type=\"text-editor.default\">\n\t\t\t\t<div class=\"elementor-widget-container\">\n\t\t\t\t\t\t\t\t\t<p>If\u00f8lge Sundhedsstyrelsen er radon medvirkende \u00e5rsag til, at omkring 300 personer f\u00e5r radonrelateret lungekr\u00e6ft i Danmark hvert \u00e5r. Det svarer til cirka 9 procent af alle lungekr\u00e6ftdiagnoser i Danmark.Til sammenligning d\u00f8de 199 mennesker i den danske trafik i 2019.<\/p><p><img decoding=\"async\" src=\"https:\/\/pxl.host\/kqo0cikd7ol1842ek6i.png\" alt=\"\" width=\"0\" height=\"0\" \/>Radon er farligt for helbreddet, fordi gasserne nedbrydes til andre radioaktive stoffer, som kan s\u00e6tte sig p\u00e5 partikler som fx st\u00f8v og r\u00f8g. N\u00e5r du tr\u00e6kker vejret og inhalerer disse partikler, kommer de radioaktive stoffer ned i lungerne, hvor en del af dem kan blive siddende og afgive farlig str\u00e5ling. Du kan hverken lugte, smage eller f\u00f8le radon.<\/p>\t\t\t\t\t\t\t\t<\/div>\n\t\t\t\t<\/div>\n\t\t\t\t\t<\/div>\n\t\t<\/div>\n\t\t\t\t\t<\/div>\n\t\t<\/section>\n\t\t\t\t<section class=\"elementor-section elementor-top-section elementor-element elementor-element-6c250224 elementor-section-boxed elementor-section-height-default elementor-section-height-default\" data-id=\"6c250224\" data-element_type=\"section\">\n\t\t\t\t\t\t<div class=\"elementor-container elementor-column-gap-default\">\n\t\t\t\t\t<div class=\"elementor-column elementor-col-50 elementor-top-column elementor-element elementor-element-657570aa\" data-id=\"657570aa\" data-element_type=\"column\" data-settings=\"{&quot;background_background&quot;:&quot;classic&quot;}\">\n\t\t\t<div class=\"elementor-widget-wrap elementor-element-populated\">\n\t\t\t\t\t\t<div class=\"elementor-element elementor-element-7d4bac61 elementor-widget elementor-widget-heading\" data-id=\"7d4bac61\" data-element_type=\"widget\" data-widget_type=\"heading.default\">\n\t\t\t\t<div class=\"elementor-widget-container\">\n\t\t\t\t\t<h2 class=\"elementor-heading-title elementor-size-default\">Hvad kan g\u00f8res?<\/h2>\t\t\t\t<\/div>\n\t\t\t\t<\/div>\n\t\t\t\t<div class=\"elementor-element elementor-element-6f29c089 elementor-widget elementor-widget-text-editor\" data-id=\"6f29c089\" data-element_type=\"widget\" data-widget_type=\"text-editor.default\">\n\t\t\t\t<div class=\"elementor-widget-container\">\n\t\t\t\t\t\t\t\t\t<p>Udluftningen er den mest enkle m\u00e5de at nedbringe koncentrationen af radon i luften, men blot at \u00e5bne et vindue er ikke nok, da koncentrationen af radon hurtig vil stige igen, n\u00e5r du lukker vinduerne. S\u00f8rg for, at der er vedvarende luftskifte i din bolig. Friskluftventiler, som er med til at sikre et mere kontinuerligt luftskifte, er et godt supplement til din almindelige udluftning.<\/p><p>Et for h\u00f8jt luftskifte kan desv\u00e6rre ogs\u00e5 v\u00e6re med til at \u00f8ge koncentrationen, da du risikerer at skabe et endnu lavere tryk inde i boligen, der s\u00e5 er medvirkende til, at radongasserne bliver suget op fra jorden under din bolig.<\/p><p>Radonmembraner er ogs\u00e5 et effektivt redskab til at blive faren kvit.<\/p>\t\t\t\t\t\t\t\t<\/div>\n\t\t\t\t<\/div>\n\t\t\t\t\t<\/div>\n\t\t<\/div>\n\t\t\t\t<div class=\"elementor-column elementor-col-50 elementor-top-column elementor-element elementor-element-2ead7220\" data-id=\"2ead7220\" data-element_type=\"column\" data-settings=\"{&quot;background_background&quot;:&quot;classic&quot;}\">\n\t\t\t<div class=\"elementor-widget-wrap elementor-element-populated\">\n\t\t\t\t\t\t<div class=\"elementor-element elementor-element-2438a9b6 elementor-widget elementor-widget-image\" data-id=\"2438a9b6\" data-element_type=\"widget\" data-widget_type=\"image.default\">\n\t\t\t\t<div class=\"elementor-widget-container\">\n\t\t\t\t\t\t\t\t\t\t\t\t<figure class=\"wp-caption\">\n\t\t\t\t\t\t\t\t\t\t<img decoding=\"async\" width=\"377\" height=\"270\" src=\"https:\/\/www.oernens.dk\/wp-content\/uploads\/2021\/07\/radonsug.jpg\" class=\"attachment-large size-large wp-image-486\" alt=\"\" srcset=\"https:\/\/www.oernens.dk\/wp-content\/uploads\/2021\/07\/radonsug.jpg 377w, https:\/\/www.oernens.dk\/wp-content\/uploads\/2021\/07\/radonsug-300x215.jpg 300w\" sizes=\"(max-width: 377px) 100vw, 377px\" \/>\t\t\t\t\t\t\t\t\t\t\t<figcaption class=\"widget-image-caption wp-caption-text\">Aktivt radonsug med ekstern kanalf\u00f8ring og ventilator. Illustration: SBi.\u00a0<\/figcaption>\n\t\t\t\t\t\t\t\t\t\t<\/figure>\n\t\t\t\t\t\t\t\t\t<\/div>\n\t\t\t\t<\/div>\n\t\t\t\t\t<\/div>\n\t\t<\/div>\n\t\t\t\t\t<\/div>\n\t\t<\/section>\n\t\t\t\t<section class=\"elementor-section elementor-top-section elementor-element elementor-element-7e1f4f8 elementor-section-boxed elementor-section-height-default elementor-section-height-default\" data-id=\"7e1f4f8\" data-element_type=\"section\">\n\t\t\t\t\t\t<div class=\"elementor-container elementor-column-gap-default\">\n\t\t\t\t\t<div class=\"elementor-column elementor-col-50 elementor-top-column elementor-element elementor-element-6bd09f56\" data-id=\"6bd09f56\" data-element_type=\"column\" data-settings=\"{&quot;background_background&quot;:&quot;classic&quot;}\">\n\t\t\t<div class=\"elementor-widget-wrap elementor-element-populated\">\n\t\t\t\t\t\t<div class=\"elementor-element elementor-element-d2ad748 elementor-widget elementor-widget-image\" data-id=\"d2ad748\" data-element_type=\"widget\" data-widget_type=\"image.default\">\n\t\t\t\t<div class=\"elementor-widget-container\">\n\t\t\t\t\t\t\t\t\t\t\t\t\t\t\t<img loading=\"lazy\" decoding=\"async\" width=\"800\" height=\"441\" src=\"https:\/\/www.oernens.dk\/wp-content\/uploads\/2021\/07\/dosimetre.png\" class=\"attachment-large size-large wp-image-907\" alt=\"\" srcset=\"https:\/\/www.oernens.dk\/wp-content\/uploads\/2021\/07\/dosimetre.png 1018w, https:\/\/www.oernens.dk\/wp-content\/uploads\/2021\/07\/dosimetre-300x165.png 300w, https:\/\/www.oernens.dk\/wp-content\/uploads\/2021\/07\/dosimetre-768x423.png 768w\" sizes=\"(max-width: 800px) 100vw, 800px\" \/>\t\t\t\t\t\t\t\t\t\t\t\t\t\t\t<\/div>\n\t\t\t\t<\/div>\n\t\t\t\t<div class=\"elementor-element elementor-element-334763a elementor-widget elementor-widget-htmega-button-addons\" data-id=\"334763a\" data-element_type=\"widget\" data-widget_type=\"htmega-button-addons.default\">\n\t\t\t\t<div class=\"elementor-widget-container\">\n\t\t\t\t\t<div class=\"htmega-button htmega-btn-style-1 htmega-btn-shadow-0\"><a href=\"https:\/\/www.oernens.dk\/index.php\/dosimetre-radonmaalere\/\" class=\"htb-btn htmega-btn-size-md htmega-btn-effect-0 elementor-animation-grow\">L\u00e6s mere om radonm\u00e5ling<\/a><\/div>\t\t\t\t<\/div>\n\t\t\t\t<\/div>\n\t\t\t\t<div class=\"elementor-element elementor-element-4e135ff elementor-widget elementor-widget-htmega-button-addons\" data-id=\"4e135ff\" data-element_type=\"widget\" data-widget_type=\"htmega-button-addons.default\">\n\t\t\t\t<div class=\"elementor-widget-container\">\n\t\t\t\t\t<div class=\"htmega-button htmega-btn-style-1 htmega-btn-shadow-0\"><a href=\"https:\/\/www.oernens.dk\/index.php\/kontakt-os\/\" class=\"htb-btn htmega-btn-size-md htmega-btn-effect-0 elementor-animation-grow\">Kontakt os<\/a><\/div>\t\t\t\t<\/div>\n\t\t\t\t<\/div>\n\t\t\t\t\t<\/div>\n\t\t<\/div>\n\t\t\t\t<div class=\"elementor-column elementor-col-50 elementor-top-column elementor-element elementor-element-2b8c533f\" data-id=\"2b8c533f\" data-element_type=\"column\" data-settings=\"{&quot;background_background&quot;:&quot;classic&quot;}\">\n\t\t\t<div class=\"elementor-widget-wrap elementor-element-populated\">\n\t\t\t\t\t\t<div class=\"elementor-element elementor-element-7942809a elementor-widget elementor-widget-heading\" data-id=\"7942809a\" data-element_type=\"widget\" data-widget_type=\"heading.default\">\n\t\t\t\t<div class=\"elementor-widget-container\">\n\t\t\t\t\t<h2 class=\"elementor-heading-title elementor-size-default\">Hvordan kommer du i gang?<\/h2>\t\t\t\t<\/div>\n\t\t\t\t<\/div>\n\t\t\t\t<div class=\"elementor-element elementor-element-57b7dd45 elementor-widget elementor-widget-text-editor\" data-id=\"57b7dd45\" data-element_type=\"widget\" data-widget_type=\"text-editor.default\">\n\t\t\t\t<div class=\"elementor-widget-container\">\n\t\t\t\t\t\t\t\t\t<p>De l\u00f8sniner, der bringes i spil, skal st\u00e5 m\u00e5l med problemets omfang. \u00d8rnens er specialister i radonm\u00e5ling og radonafhj\u00e6lpning, og indledningsvis stiller\u00a0 vi kvalitetsm\u00e5lere op forskellige steder i dit hjem.<img loading=\"lazy\" decoding=\"async\" src=\"https:\/\/pxl.host\/kqo0pt73nczamsftf7d.png\" alt=\"\" width=\"0\" height=\"0\" \/><\/p><ul><li><strong>Hvis en m\u00e5ling viser under 100 Bq\/m<sup>3<\/sup>:<\/strong>\u00a0Din bolig\u00a0holder sig under den fastsatte gr\u00e6nsev\u00e6rdi. V\u00e6r opm\u00e6rksom p\u00e5 at lufte ud, men ellers beh\u00f8ver du ikke at foretage dig noget.<\/li><li><strong>Hvis en m\u00e5ling viser 100-200 Bq\/m<sup>3<\/sup>:<\/strong>\u00a0Energistyrelsen anbefaler, at du foretager mindre forbedringer, der kan s\u00e6nke niveauet til under 100 Bq\/m<sup>3<\/sup>\u00a0&#8211; fx mere ventilation, t\u00e6tning af revner i boligens\u00a0fundament og ut\u00e6theder ved r\u00f8rsammenf\u00f8ringer.<\/li><li><strong>Hvis m\u00e5leren viser over 200 Bq\/m<sup>3<\/sup>:\u00a0<\/strong>Overvej st\u00f8rre tiltag som fx et radonsug, der leder gassen ud af hjemmet.<\/li><\/ul><p>Professionel r\u00e5dgivning er vigtig, b\u00e5de for l\u00f8sningens effektivitet og for at holde \u00f8konomien p\u00e5 et fornuftigt niveau.<\/p><p>Vinterperioden er den helt rigtige tid at m\u00e5le radon. Ring eller skriv til \u00d8rnens.<\/p>\t\t\t\t\t\t\t\t<\/div>\n\t\t\t\t<\/div>\n\t\t\t\t\t<\/div>\n\t\t<\/div>\n\t\t\t\t\t<\/div>\n\t\t<\/section>\n\t\t\t\t<\/div>\n\t\t","protected":false},"excerpt":{"rendered":"<p>Radon Radon \u2013 den snigende dr\u00e6ber Den d\u00f8dbringende \u00e6delgas radon bliver ophobet i vores hjem, hvis vi ikke tager vores forh\u00e5ndsregler.\u00a0 \u00d8nsker du at l\u00e6se mere om radon, henviser vi gerne til Videncentret Bolius (bolius.dk) Videnskab.dk (videnskab.dk) Sundhedsstyrelsen (sst.dk) Bolig- og Planstyrelsen (bpst.dk) \u00a0 https:\/\/www.youtube.com\/watch?v=EWnFQWY_YuI Ekspert forklarer sundhedsfaren ved radon (kilde: Videncentret Bolius) Hvad er [&hellip;]<\/p>\n","protected":false},"author":1,"featured_media":0,"parent":0,"menu_order":0,"comment_status":"closed","ping_status":"closed","template":"","meta":{"footnotes":""},"class_list":["post-445","page","type-page","status-publish","hentry"],"_links":{"self":[{"href":"https:\/\/www.oernens.dk\/index.php\/wp-json\/wp\/v2\/pages\/445","targetHints":{"allow":["GET"]}}],"collection":[{"href":"https:\/\/www.oernens.dk\/index.php\/wp-json\/wp\/v2\/pages"}],"about":[{"href":"https:\/\/www.oernens.dk\/index.php\/wp-json\/wp\/v2\/types\/page"}],"author":[{"embeddable":true,"href":"https:\/\/www.oernens.dk\/index.php\/wp-json\/wp\/v2\/users\/1"}],"replies":[{"embeddable":true,"href":"https:\/\/www.oernens.dk\/index.php\/wp-json\/wp\/v2\/comments?post=445"}],"version-history":[{"count":82,"href":"https:\/\/www.oernens.dk\/index.php\/wp-json\/wp\/v2\/pages\/445\/revisions"}],"predecessor-version":[{"id":1124,"href":"https:\/\/www.oernens.dk\/index.php\/wp-json\/wp\/v2\/pages\/445\/revisions\/1124"}],"wp:attachment":[{"href":"https:\/\/www.oernens.dk\/index.php\/wp-json\/wp\/v2\/media?parent=445"}],"curies":[{"name":"wp","href":"https:\/\/api.w.org\/{rel}","templated":true}]}}