{"id":426,"date":"2021-07-03T18:27:55","date_gmt":"2021-07-03T16:27:55","guid":{"rendered":"https:\/\/www.oernens.dk\/?page_id=426"},"modified":"2021-07-10T15:43:23","modified_gmt":"2021-07-10T13:43:23","slug":"skadedyr","status":"publish","type":"page","link":"https:\/\/www.oernens.dk\/index.php\/skadedyr\/","title":{"rendered":"Skadedyr"},"content":{"rendered":"\t\t<div data-elementor-type=\"wp-page\" data-elementor-id=\"426\" class=\"elementor elementor-426\" data-elementor-post-type=\"page\">\n\t\t\t\t\t\t<section class=\"elementor-section elementor-top-section elementor-element elementor-element-47b30b66 elementor-section-boxed elementor-section-height-default elementor-section-height-default\" data-id=\"47b30b66\" data-element_type=\"section\">\n\t\t\t\t\t\t<div class=\"elementor-container elementor-column-gap-default\">\n\t\t\t\t\t<div class=\"elementor-column elementor-col-50 elementor-top-column elementor-element elementor-element-6839cd\" data-id=\"6839cd\" data-element_type=\"column\" data-settings=\"{&quot;background_background&quot;:&quot;classic&quot;}\">\n\t\t\t<div class=\"elementor-widget-wrap elementor-element-populated\">\n\t\t\t\t\t\t<div class=\"elementor-element elementor-element-68ee544 elementor-widget elementor-widget-heading\" data-id=\"68ee544\" data-element_type=\"widget\" data-widget_type=\"heading.default\">\n\t\t\t\t<div class=\"elementor-widget-container\">\n\t\t\t\t\t<h2 class=\"elementor-heading-title elementor-size-default\">Skadedyr<\/h2>\t\t\t\t<\/div>\n\t\t\t\t<\/div>\n\t\t\t\t<div class=\"elementor-element elementor-element-712befea elementor-widget elementor-widget-text-editor\" data-id=\"712befea\" data-element_type=\"widget\" data-widget_type=\"text-editor.default\">\n\t\t\t\t<div class=\"elementor-widget-container\">\n\t\t\t\t\t\t\t\t\t<p class=\"font_8\">\u00d8rnen udf\u00f8rer alle former for skadedyrsbek\u00e6mpelse b\u00e5de ude og inde, bland andet bek\u00e6mpelse af hvepse, myrer, muldvarpe, mosegrise, rotter (erhverv) og m\u00e5r.<\/p><p class=\"font_8\">S\u00e5 har du problemer med skadedyr, s\u00e5 ring trygt til \u00d8rnen, s\u00e5 l\u00f8ser vi problemet hurtigt og smertefrit<\/p>\t\t\t\t\t\t\t\t<\/div>\n\t\t\t\t<\/div>\n\t\t\t\t<div class=\"elementor-element elementor-element-983c7bc elementor-widget elementor-widget-htmega-button-addons\" data-id=\"983c7bc\" data-element_type=\"widget\" data-widget_type=\"htmega-button-addons.default\">\n\t\t\t\t<div class=\"elementor-widget-container\">\n\t\t\t\t\t<div class=\"htmega-button htmega-btn-style-1 htmega-btn-shadow-0\"><a href=\"https:\/\/www.oernens.dk\/index.php\/kontakt-os\/\" class=\"htb-btn htmega-btn-size-md htmega-btn-effect-0 elementor-animation-grow\">Kontakt os<\/a><\/div>\t\t\t\t<\/div>\n\t\t\t\t<\/div>\n\t\t\t\t\t<\/div>\n\t\t<\/div>\n\t\t\t\t<div class=\"elementor-column elementor-col-50 elementor-top-column elementor-element elementor-element-47705bbd\" data-id=\"47705bbd\" data-element_type=\"column\" data-settings=\"{&quot;background_background&quot;:&quot;classic&quot;}\">\n\t\t\t<div class=\"elementor-widget-wrap elementor-element-populated\">\n\t\t\t\t\t\t<div class=\"elementor-element elementor-element-2e4ff19 elementor-view-default elementor-widget elementor-widget-icon\" data-id=\"2e4ff19\" data-element_type=\"widget\" data-widget_type=\"icon.default\">\n\t\t\t\t<div class=\"elementor-widget-container\">\n\t\t\t\t\t\t\t<div class=\"elementor-icon-wrapper\">\n\t\t\t<div class=\"elementor-icon\">\n\t\t\t<svg xmlns=\"http:\/\/www.w3.org\/2000\/svg\" xmlns:xlink=\"http:\/\/www.w3.org\/1999\/xlink\" id=\"svg-cc2a\" x=\"0px\" y=\"0px\" viewBox=\"0 0 60 60\" style=\"enable-background:new 0 0 60 60;\" xml:space=\"preserve\" class=\"u-svg-content\"><path d=\"M52.844,27.116C52.412,26.396,51.689,26,50.805,26c-0.004,0-0.008,0-0.012,0c-1.667,0.006-3.673,0.667-5.235,1.724  c-1.441,0.975-3.53,2.782-5.293,5.863c-0.331,0.578-0.874,0.97-1.455,1.063c-0.002-0.134-0.001-0.287-0.001-0.432  c0-0.309,0.001-0.677-0.012-1.083V11c0-2.206-1.794-4-4-4s-4,1.794-4,4v15.5c0,0.275-0.225,0.5-0.5,0.5s-0.5-0.225-0.5-0.5V4  c0-2.206-1.794-4-4-4s-4,1.794-4,4v22.5c0,0.275-0.225,0.5-0.5,0.5s-0.5-0.225-0.5-0.5v-18c0-1.93-1.57-3.5-3.5-3.5  s-3.5,1.57-3.5,3.5v20c0,0.275-0.225,0.5-0.5,0.5s-0.5-0.225-0.5-0.5V16c0-1.93-1.57-3.5-3.51-3.5c-1.93,0-3.5,1.57-3.5,3.5  l0.002,27.197c0.968,13.983,9.545,15.869,17.808,15.869c6.846,0,12.995-3.396,16.027-8.824c0.39-0.63,1.445-2.289,2.696-4.254  c3.128-4.914,5.748-9.041,6.135-9.775c0.863-1.634,1.826-2.911,2.784-3.693c0.867-0.708,1.397-1.611,1.828-2.404  C53.29,29.703,53.484,28.186,52.844,27.116z M51.256,29.259c-0.4,0.729-0.777,1.3-1.282,1.712c-1.18,0.964-2.285,2.413-3.287,4.309  c-0.381,0.723-3.794,6.086-6.053,9.635c-1.258,1.976-2.318,3.642-2.733,4.314c-2.701,4.834-8.182,7.838-14.304,7.838  c-10.542,0-15.123-4.059-15.81-13.938V16c0-0.827,0.673-1.5,1.51-1.5c0.827,0,1.5,0.673,1.5,1.5v12.5c0,1.379,1.121,2.5,2.5,2.5  s2.5-1.121,2.5-2.5v-20c0-0.827,0.673-1.5,1.5-1.5s1.5,0.673,1.5,1.5v18c0,1.379,1.121,2.5,2.5,2.5s2.5-1.121,2.5-2.5V4  c0-1.103,0.897-2,2-2s2,0.897,2,2v22.5c0,1.379,1.121,2.5,2.5,2.5s2.5-1.121,2.5-2.5V11c0-1.103,0.897-2,2-2s2,0.897,2,2v22.166  c0.013,0.411,0.012,0.758,0.012,1.05c-0.002,0.895-0.003,1.541,0.49,2.024c0.413,0.403,0.948,0.428,1.326,0.432  c1.361-0.031,2.655-0.833,3.376-2.092c1.571-2.748,3.41-4.344,4.677-5.199c1.232-0.834,2.851-1.376,4.123-1.381  c0.001,0,0.003,0,0.004,0c0.214,0,0.263,0.063,0.292,0.1C51.294,28.35,51.303,28.979,51.256,29.259z\"><\/path><\/svg>\t\t\t<\/div>\n\t\t<\/div>\n\t\t\t\t\t\t<\/div>\n\t\t\t\t<\/div>\n\t\t\t\t<div class=\"elementor-element elementor-element-4b65bf40 elementor-widget elementor-widget-image\" data-id=\"4b65bf40\" data-element_type=\"widget\" data-widget_type=\"image.default\">\n\t\t\t\t<div class=\"elementor-widget-container\">\n\t\t\t\t\t\t\t\t\t\t\t\t\t\t\t<img fetchpriority=\"high\" decoding=\"async\" width=\"800\" height=\"600\" src=\"https:\/\/www.oernens.dk\/wp-content\/uploads\/2021\/07\/myrer-1024x768.jpg\" class=\"attachment-large size-large wp-image-835\" alt=\"\" srcset=\"https:\/\/www.oernens.dk\/wp-content\/uploads\/2021\/07\/myrer-1024x768.jpg 1024w, https:\/\/www.oernens.dk\/wp-content\/uploads\/2021\/07\/myrer-300x225.jpg 300w, https:\/\/www.oernens.dk\/wp-content\/uploads\/2021\/07\/myrer-768x576.jpg 768w, https:\/\/www.oernens.dk\/wp-content\/uploads\/2021\/07\/myrer-1536x1152.jpg 1536w, https:\/\/www.oernens.dk\/wp-content\/uploads\/2021\/07\/myrer.jpg 1920w\" sizes=\"(max-width: 800px) 100vw, 800px\" \/>\t\t\t\t\t\t\t\t\t\t\t\t\t\t\t<\/div>\n\t\t\t\t<\/div>\n\t\t\t\t\t<\/div>\n\t\t<\/div>\n\t\t\t\t\t<\/div>\n\t\t<\/section>\n\t\t\t\t<\/div>\n\t\t","protected":false},"excerpt":{"rendered":"<p>Skadedyr \u00d8rnen udf\u00f8rer alle former for skadedyrsbek\u00e6mpelse b\u00e5de ude og inde, bland andet bek\u00e6mpelse af hvepse, myrer, muldvarpe, mosegrise, rotter (erhverv) og m\u00e5r. S\u00e5 har du problemer med skadedyr, s\u00e5 ring trygt til \u00d8rnen, s\u00e5 l\u00f8ser vi problemet hurtigt og smertefrit Kontakt os<\/p>\n","protected":false},"author":1,"featured_media":0,"parent":0,"menu_order":0,"comment_status":"closed","ping_status":"closed","template":"","meta":{"footnotes":""},"class_list":["post-426","page","type-page","status-publish","hentry"],"_links":{"self":[{"href":"https:\/\/www.oernens.dk\/index.php\/wp-json\/wp\/v2\/pages\/426","targetHints":{"allow":["GET"]}}],"collection":[{"href":"https:\/\/www.oernens.dk\/index.php\/wp-json\/wp\/v2\/pages"}],"about":[{"href":"https:\/\/www.oernens.dk\/index.php\/wp-json\/wp\/v2\/types\/page"}],"author":[{"embeddable":true,"href":"https:\/\/www.oernens.dk\/index.php\/wp-json\/wp\/v2\/users\/1"}],"replies":[{"embeddable":true,"href":"https:\/\/www.oernens.dk\/index.php\/wp-json\/wp\/v2\/comments?post=426"}],"version-history":[{"count":46,"href":"https:\/\/www.oernens.dk\/index.php\/wp-json\/wp\/v2\/pages\/426\/revisions"}],"predecessor-version":[{"id":1130,"href":"https:\/\/www.oernens.dk\/index.php\/wp-json\/wp\/v2\/pages\/426\/revisions\/1130"}],"wp:attachment":[{"href":"https:\/\/www.oernens.dk\/index.php\/wp-json\/wp\/v2\/media?parent=426"}],"curies":[{"name":"wp","href":"https:\/\/api.w.org\/{rel}","templated":true}]}}