{"id":419,"date":"2021-07-03T18:25:38","date_gmt":"2021-07-03T16:25:38","guid":{"rendered":"https:\/\/www.oernens.dk\/?page_id=419"},"modified":"2021-07-10T15:39:04","modified_gmt":"2021-07-10T13:39:04","slug":"hjemmeservice","status":"publish","type":"page","link":"https:\/\/www.oernens.dk\/index.php\/hjemmeservice\/","title":{"rendered":"Hjemmeservice"},"content":{"rendered":"\t\t<div data-elementor-type=\"wp-page\" data-elementor-id=\"419\" class=\"elementor elementor-419\" data-elementor-post-type=\"page\">\n\t\t\t\t\t\t<section class=\"elementor-section elementor-top-section elementor-element elementor-element-1ac2522a elementor-section-boxed elementor-section-height-default elementor-section-height-default\" data-id=\"1ac2522a\" data-element_type=\"section\">\n\t\t\t\t\t\t<div class=\"elementor-container elementor-column-gap-default\">\n\t\t\t\t\t<div class=\"elementor-column elementor-col-50 elementor-top-column elementor-element elementor-element-3cbf3add\" data-id=\"3cbf3add\" data-element_type=\"column\" data-settings=\"{&quot;background_background&quot;:&quot;classic&quot;}\">\n\t\t\t<div class=\"elementor-widget-wrap elementor-element-populated\">\n\t\t\t\t\t\t<div class=\"elementor-element elementor-element-0818a34 elementor-widget elementor-widget-heading\" data-id=\"0818a34\" data-element_type=\"widget\" data-widget_type=\"heading.default\">\n\t\t\t\t<div class=\"elementor-widget-container\">\n\t\t\t\t\t<h2 class=\"elementor-heading-title elementor-size-default\">Hjemmeservice<\/h2>\t\t\t\t<\/div>\n\t\t\t\t<\/div>\n\t\t\t\t<div class=\"elementor-element elementor-element-42be775b elementor-widget elementor-widget-text-editor\" data-id=\"42be775b\" data-element_type=\"widget\" data-widget_type=\"text-editor.default\">\n\t\t\t\t<div class=\"elementor-widget-container\">\n\t\t\t\t\t\t\t\t\t<p class=\"font_8\">\u00d8rnen tilbyder hjemmeservice i form af hj\u00e6lp med reng\u00f8ring, haveservice og salgsoprydning og renovering af den gamle have for at fremme salget, eller bare f\u00e5 for\u00e5rsklargjort haven.<\/p><p class=\"font_8\">S\u00e5 er der opgaver i hjemmet eller haven, som du ikke n\u00e5r eller magter, s\u00e5 ring eller skriv til \u00d8rnen, der er ingen opgaver, der er for store eller\u00a0 for sm\u00e5.<\/p>\t\t\t\t\t\t\t\t<\/div>\n\t\t\t\t<\/div>\n\t\t\t\t<div class=\"elementor-element elementor-element-0e4fad2 elementor-widget elementor-widget-htmega-button-addons\" data-id=\"0e4fad2\" data-element_type=\"widget\" data-widget_type=\"htmega-button-addons.default\">\n\t\t\t\t<div class=\"elementor-widget-container\">\n\t\t\t\t\t<div class=\"htmega-button htmega-btn-style-1 htmega-btn-shadow-0\"><a href=\"https:\/\/www.oernens.dk\/index.php\/kontakt-os\/\" class=\"htb-btn htmega-btn-size-md htmega-btn-effect-0 elementor-animation-grow\">Kontakt os<\/a><\/div>\t\t\t\t<\/div>\n\t\t\t\t<\/div>\n\t\t\t\t\t<\/div>\n\t\t<\/div>\n\t\t\t\t<div class=\"elementor-column elementor-col-50 elementor-top-column elementor-element elementor-element-37d6372a\" data-id=\"37d6372a\" data-element_type=\"column\" data-settings=\"{&quot;background_background&quot;:&quot;classic&quot;}\">\n\t\t\t<div class=\"elementor-widget-wrap elementor-element-populated\">\n\t\t\t\t\t\t<div class=\"elementor-element elementor-element-139de96 elementor-view-default elementor-widget elementor-widget-icon\" data-id=\"139de96\" data-element_type=\"widget\" data-widget_type=\"icon.default\">\n\t\t\t\t<div class=\"elementor-widget-container\">\n\t\t\t\t\t\t\t<div class=\"elementor-icon-wrapper\">\n\t\t\t<div class=\"elementor-icon\">\n\t\t\t<svg xmlns=\"http:\/\/www.w3.org\/2000\/svg\" xmlns:xlink=\"http:\/\/www.w3.org\/1999\/xlink\" id=\"svg-cc2a\" x=\"0px\" y=\"0px\" viewBox=\"0 0 60 60\" style=\"enable-background:new 0 0 60 60;\" xml:space=\"preserve\" class=\"u-svg-content\"><path d=\"M57.863,26.632l-8.681-8.061V5.365h-10v3.921L29.182,0L0.502,26.632c-0.404,0.376-0.428,1.009-0.052,1.414  c0.375,0.404,1.008,0.427,1.414,0.052l3.319-3.082v33.349h16h16h16V25.015l3.319,3.082c0.192,0.179,0.437,0.267,0.681,0.267  c0.269,0,0.536-0.107,0.732-0.319C58.291,27.641,58.267,27.008,57.863,26.632z M41.182,7.365h6v9.349l-6-5.571V7.365z   M23.182,56.365V35.302c0-0.517,0.42-0.937,0.937-0.937h10.126c0.517,0,0.937,0.42,0.937,0.937v21.063H23.182z M51.182,56.365h-14  V35.302c0-1.62-1.317-2.937-2.937-2.937H24.119c-1.62,0-2.937,1.317-2.937,2.937v21.063h-14V23.158l22-20.429l14.28,13.26  l5.72,5.311v0l2,1.857V56.365z\"><\/path><\/svg>\t\t\t<\/div>\n\t\t<\/div>\n\t\t\t\t\t\t<\/div>\n\t\t\t\t<\/div>\n\t\t\t\t<div class=\"elementor-element elementor-element-57026946 elementor-widget elementor-widget-image\" data-id=\"57026946\" data-element_type=\"widget\" data-widget_type=\"image.default\">\n\t\t\t\t<div class=\"elementor-widget-container\">\n\t\t\t\t\t\t\t\t\t\t\t\t\t\t\t<img fetchpriority=\"high\" decoding=\"async\" width=\"800\" height=\"534\" src=\"https:\/\/www.oernens.dk\/wp-content\/uploads\/2021\/07\/graesklipning-1024x684.jpg\" class=\"attachment-large size-large wp-image-815\" alt=\"\" srcset=\"https:\/\/www.oernens.dk\/wp-content\/uploads\/2021\/07\/graesklipning-1024x684.jpg 1024w, https:\/\/www.oernens.dk\/wp-content\/uploads\/2021\/07\/graesklipning-300x200.jpg 300w, https:\/\/www.oernens.dk\/wp-content\/uploads\/2021\/07\/graesklipning-768x513.jpg 768w, https:\/\/www.oernens.dk\/wp-content\/uploads\/2021\/07\/graesklipning-1536x1026.jpg 1536w, https:\/\/www.oernens.dk\/wp-content\/uploads\/2021\/07\/graesklipning.jpg 1920w\" sizes=\"(max-width: 800px) 100vw, 800px\" \/>\t\t\t\t\t\t\t\t\t\t\t\t\t\t\t<\/div>\n\t\t\t\t<\/div>\n\t\t\t\t\t<\/div>\n\t\t<\/div>\n\t\t\t\t\t<\/div>\n\t\t<\/section>\n\t\t\t\t<\/div>\n\t\t","protected":false},"excerpt":{"rendered":"<p>Hjemmeservice \u00d8rnen tilbyder hjemmeservice i form af hj\u00e6lp med reng\u00f8ring, haveservice og salgsoprydning og renovering af den gamle have for at fremme salget, eller bare f\u00e5 for\u00e5rsklargjort haven. S\u00e5 er der opgaver i hjemmet eller haven, som du ikke n\u00e5r eller magter, s\u00e5 ring eller skriv til \u00d8rnen, der er ingen opgaver, der er for [&hellip;]<\/p>\n","protected":false},"author":1,"featured_media":0,"parent":0,"menu_order":0,"comment_status":"closed","ping_status":"closed","template":"","meta":{"footnotes":""},"class_list":["post-419","page","type-page","status-publish","hentry"],"_links":{"self":[{"href":"https:\/\/www.oernens.dk\/index.php\/wp-json\/wp\/v2\/pages\/419","targetHints":{"allow":["GET"]}}],"collection":[{"href":"https:\/\/www.oernens.dk\/index.php\/wp-json\/wp\/v2\/pages"}],"about":[{"href":"https:\/\/www.oernens.dk\/index.php\/wp-json\/wp\/v2\/types\/page"}],"author":[{"embeddable":true,"href":"https:\/\/www.oernens.dk\/index.php\/wp-json\/wp\/v2\/users\/1"}],"replies":[{"embeddable":true,"href":"https:\/\/www.oernens.dk\/index.php\/wp-json\/wp\/v2\/comments?post=419"}],"version-history":[{"count":43,"href":"https:\/\/www.oernens.dk\/index.php\/wp-json\/wp\/v2\/pages\/419\/revisions"}],"predecessor-version":[{"id":1118,"href":"https:\/\/www.oernens.dk\/index.php\/wp-json\/wp\/v2\/pages\/419\/revisions\/1118"}],"wp:attachment":[{"href":"https:\/\/www.oernens.dk\/index.php\/wp-json\/wp\/v2\/media?parent=419"}],"curies":[{"name":"wp","href":"https:\/\/api.w.org\/{rel}","templated":true}]}}