{"id":105,"date":"2021-06-03T20:02:31","date_gmt":"2021-06-03T20:02:31","guid":{"rendered":"https:\/\/www.oernens.dk\/?page_id=105"},"modified":"2021-07-10T14:26:33","modified_gmt":"2021-07-10T12:26:33","slug":"forside","status":"publish","type":"page","link":"https:\/\/www.oernens.dk\/","title":{"rendered":"Forside"},"content":{"rendered":"\t\t<div data-elementor-type=\"wp-page\" data-elementor-id=\"105\" class=\"elementor elementor-105\" data-elementor-post-type=\"page\">\n\t\t\t\t\t\t<section class=\"elementor-section elementor-top-section elementor-element elementor-element-469b7cb elementor-section-boxed elementor-section-height-default elementor-section-height-default\" data-id=\"469b7cb\" data-element_type=\"section\" data-settings=\"{&quot;background_background&quot;:&quot;slideshow&quot;,&quot;background_slideshow_gallery&quot;:[{&quot;id&quot;:63,&quot;url&quot;:&quot;http:\\\/\\\/www.oernens.dk\\\/wp-content\\\/uploads\\\/2021\\\/06\\\/6229439-0.jpeg&quot;},{&quot;id&quot;:971,&quot;url&quot;:&quot;http:\\\/\\\/www.oernens.dk\\\/wp-content\\\/uploads\\\/2021\\\/07\\\/radonflaske_m_radon.jpg&quot;},{&quot;id&quot;:713,&quot;url&quot;:&quot;http:\\\/\\\/www.oernens.dk\\\/wp-content\\\/uploads\\\/2021\\\/07\\\/renset_gulv.jpg&quot;},{&quot;id&quot;:359,&quot;url&quot;:&quot;http:\\\/\\\/www.oernens.dk\\\/wp-content\\\/uploads\\\/2021\\\/07\\\/bonacare_foer_efter_halgulv.jpg&quot;},{&quot;id&quot;:804,&quot;url&quot;:&quot;http:\\\/\\\/www.oernens.dk\\\/wp-content\\\/uploads\\\/2021\\\/07\\\/carpentry.jpg&quot;},{&quot;id&quot;:711,&quot;url&quot;:&quot;http:\\\/\\\/www.oernens.dk\\\/wp-content\\\/uploads\\\/2021\\\/07\\\/hjoerne_nyt.jpg&quot;},{&quot;id&quot;:835,&quot;url&quot;:&quot;http:\\\/\\\/www.oernens.dk\\\/wp-content\\\/uploads\\\/2021\\\/07\\\/myrer.jpg&quot;},{&quot;id&quot;:815,&quot;url&quot;:&quot;http:\\\/\\\/www.oernens.dk\\\/wp-content\\\/uploads\\\/2021\\\/07\\\/graesklipning.jpg&quot;},{&quot;id&quot;:709,&quot;url&quot;:&quot;http:\\\/\\\/www.oernens.dk\\\/wp-content\\\/uploads\\\/2021\\\/07\\\/gammelt_gulv.jpg&quot;},{&quot;id&quot;:893,&quot;url&quot;:&quot;http:\\\/\\\/www.oernens.dk\\\/wp-content\\\/uploads\\\/2021\\\/07\\\/radonkort.png&quot;},{&quot;id&quot;:363,&quot;url&quot;:&quot;http:\\\/\\\/www.oernens.dk\\\/wp-content\\\/uploads\\\/2021\\\/07\\\/privatgulv_foer_efter.jpg&quot;},{&quot;id&quot;:362,&quot;url&quot;:&quot;http:\\\/\\\/www.oernens.dk\\\/wp-content\\\/uploads\\\/2021\\\/07\\\/miljoe_kvinde_og_boern.jpg&quot;},{&quot;id&quot;:486,&quot;url&quot;:&quot;http:\\\/\\\/www.oernens.dk\\\/wp-content\\\/uploads\\\/2021\\\/07\\\/radonsug.jpg&quot;},{&quot;id&quot;:361,&quot;url&quot;:&quot;http:\\\/\\\/www.oernens.dk\\\/wp-content\\\/uploads\\\/2021\\\/07\\\/halgulv.jpg&quot;},{&quot;id&quot;:360,&quot;url&quot;:&quot;http:\\\/\\\/www.oernens.dk\\\/wp-content\\\/uploads\\\/2021\\\/07\\\/gulvlakering.jpg&quot;},{&quot;id&quot;:357,&quot;url&quot;:&quot;http:\\\/\\\/www.oernens.dk\\\/wp-content\\\/uploads\\\/2021\\\/07\\\/bonacare_foer_efter_blaatrappe.jpg&quot;},{&quot;id&quot;:985,&quot;url&quot;:&quot;http:\\\/\\\/www.oernens.dk\\\/wp-content\\\/uploads\\\/2021\\\/07\\\/naeringsbrev_gulnet2.jpg&quot;}],&quot;background_slideshow_slide_duration&quot;:10000,&quot;background_slideshow_transition_duration&quot;:1000,&quot;background_slideshow_loop&quot;:&quot;yes&quot;,&quot;background_slideshow_slide_transition&quot;:&quot;fade&quot;}\">\n\t\t\t\t\t\t\t<div class=\"elementor-background-overlay\"><\/div>\n\t\t\t\t\t\t\t<div class=\"elementor-container elementor-column-gap-default\">\n\t\t\t\t\t<div class=\"elementor-column elementor-col-100 elementor-top-column elementor-element elementor-element-ce98726\" data-id=\"ce98726\" data-element_type=\"column\">\n\t\t\t<div class=\"elementor-widget-wrap elementor-element-populated\">\n\t\t\t\t\t\t<div class=\"elementor-element elementor-element-84a94ac elementor-widget elementor-widget-heading\" data-id=\"84a94ac\" data-element_type=\"widget\" data-widget_type=\"heading.default\">\n\t\t\t\t<div class=\"elementor-widget-container\">\n\t\t\t\t\t<h1 class=\"elementor-heading-title elementor-size-default\">VIDEN, ERFARING, FLID<br><br>PROFESSIONEL GULVPLEJE SIDEN 1948<\/h1>\t\t\t\t<\/div>\n\t\t\t\t<\/div>\n\t\t\t\t<div class=\"elementor-element elementor-element-4800bb2 elementor-widget elementor-widget-heading\" data-id=\"4800bb2\" data-element_type=\"widget\" data-widget_type=\"heading.default\">\n\t\t\t\t<div class=\"elementor-widget-container\">\n\t\t\t\t\t<h2 class=\"elementor-heading-title elementor-size-default\">\u00d8rnens<\/h2>\t\t\t\t<\/div>\n\t\t\t\t<\/div>\n\t\t\t\t<section class=\"elementor-section elementor-inner-section elementor-element elementor-element-28eaabf elementor-section-boxed elementor-section-height-default elementor-section-height-default\" data-id=\"28eaabf\" data-element_type=\"section\">\n\t\t\t\t\t\t<div class=\"elementor-container elementor-column-gap-default\">\n\t\t\t\t\t<div class=\"elementor-column elementor-col-20 elementor-inner-column elementor-element elementor-element-d3f0be7\" data-id=\"d3f0be7\" data-element_type=\"column\" data-settings=\"{&quot;background_background&quot;:&quot;gradient&quot;}\">\n\t\t\t<div class=\"elementor-widget-wrap elementor-element-populated\">\n\t\t\t\t\t\t<div class=\"elementor-element elementor-element-2a5d0e4 elementor-view-default elementor-widget elementor-widget-icon\" data-id=\"2a5d0e4\" data-element_type=\"widget\" data-widget_type=\"icon.default\">\n\t\t\t\t<div class=\"elementor-widget-container\">\n\t\t\t\t\t\t\t<div class=\"elementor-icon-wrapper\">\n\t\t\t<a class=\"elementor-icon elementor-animation-grow\" href=\"https:\/\/www.oernens.dk\/index.php\/gulvbehandling\/\">\n\t\t\t<svg xmlns=\"http:\/\/www.w3.org\/2000\/svg\" xmlns:xlink=\"http:\/\/www.w3.org\/1999\/xlink\" id=\"svg-cc2a\" x=\"0px\" y=\"0px\" viewBox=\"0 0 60 60\" style=\"enable-background:new 0 0 60 60;\" xml:space=\"preserve\" class=\"u-svg-content\"><path d=\"M60,30C60,13.458,46.542,0,30,0S0,13.458,0,30c0,6.142,1.858,11.857,5.038,16.618l-0.002,0.021l0.207,0.303  c0.18,0.263,0.374,0.512,0.562,0.768c0.076,0.104,0.151,0.209,0.229,0.313c0.238,0.316,0.483,0.626,0.732,0.931  c0.072,0.088,0.145,0.175,0.218,0.262c1.157,1.385,2.427,2.653,3.793,3.794c0.083,0.069,0.165,0.139,0.249,0.208  c0.298,0.243,0.599,0.481,0.906,0.712c0.124,0.094,0.25,0.185,0.375,0.277c0.292,0.214,0.584,0.426,0.884,0.629  c0.16,0.109,0.326,0.211,0.488,0.317c0.416,0.27,0.836,0.531,1.264,0.779c0.298,0.174,0.597,0.347,0.902,0.511  c0.184,0.099,0.372,0.191,0.558,0.286c0.324,0.166,0.651,0.327,0.982,0.481c0.167,0.077,0.334,0.153,0.502,0.227  c0.383,0.17,0.771,0.331,1.162,0.485c0.121,0.048,0.241,0.097,0.363,0.144c1.073,0.406,2.175,0.754,3.302,1.036  c0.046,0.012,0.093,0.021,0.139,0.032c0.498,0.122,1.001,0.231,1.509,0.328c0.135,0.026,0.27,0.049,0.405,0.073  c0.424,0.075,0.85,0.141,1.28,0.198c0.164,0.022,0.327,0.043,0.491,0.063c0.419,0.048,0.841,0.086,1.265,0.117  c0.158,0.012,0.315,0.027,0.473,0.036C28.847,59.979,29.421,60,30,60s1.153-0.021,1.724-0.053c0.158-0.009,0.315-0.025,0.473-0.036  c0.424-0.031,0.846-0.068,1.265-0.117c0.164-0.019,0.328-0.041,0.491-0.063c0.43-0.057,0.856-0.123,1.28-0.198  c0.135-0.024,0.27-0.047,0.405-0.073c0.508-0.097,1.011-0.206,1.509-0.328c0.046-0.011,0.093-0.021,0.139-0.032  c1.127-0.282,2.229-0.63,3.302-1.036c0.122-0.046,0.243-0.096,0.365-0.144c0.391-0.154,0.778-0.315,1.161-0.484  c0.168-0.074,0.336-0.15,0.502-0.227c0.331-0.154,0.658-0.315,0.982-0.481c0.187-0.095,0.374-0.188,0.558-0.286  c0.305-0.164,0.603-0.337,0.902-0.511c0.428-0.249,0.849-0.509,1.264-0.779c0.163-0.106,0.328-0.208,0.488-0.317  c0.299-0.203,0.592-0.415,0.884-0.629c0.125-0.092,0.251-0.183,0.375-0.277c0.306-0.231,0.608-0.469,0.906-0.712  c0.084-0.069,0.166-0.139,0.249-0.208c1.366-1.142,2.636-2.409,3.794-3.795c0.073-0.087,0.145-0.173,0.216-0.261  c0.249-0.305,0.494-0.615,0.732-0.931c0.078-0.103,0.152-0.208,0.229-0.313c0.188-0.256,0.382-0.505,0.562-0.768l0.207-0.303  l-0.002-0.021C58.142,41.857,60,36.142,60,30z M58,30c0,4.972-1.309,9.642-3.591,13.694c-1.647-5.46-6.563-9.373-12.409-9.662V34  h-0.689H36h-0.635C35.164,34,35,33.836,35,33.635V32.99c0-0.183,0.149-0.303,0.276-0.352c6.439-2.421,10.455-12.464,9.613-19.488  c-0.439-3.658-2.25-6.927-4.883-9.295C50.517,7.892,58,18.086,58,30z M52.538,46.59c-0.081,0.109-0.162,0.217-0.244,0.325  c-0.223,0.293-0.448,0.584-0.682,0.868c-0.024,0.029-0.049,0.057-0.073,0.086c-0.808,0.972-1.681,1.888-2.611,2.743  c-0.055,0.051-0.11,0.103-0.166,0.153c-0.277,0.251-0.561,0.495-0.848,0.735c-0.09,0.075-0.181,0.149-0.272,0.223  c-0.279,0.227-0.56,0.45-0.847,0.666c-0.097,0.073-0.197,0.142-0.295,0.214c-0.165,0.121-0.332,0.238-0.5,0.355V42h-4v-5.969  c5.574,0.323,10.138,4.51,10.891,10.064C52.774,46.261,52.659,46.427,52.538,46.59z M43.114,54.729  c-0.177,0.094-0.357,0.185-0.537,0.276c-0.302,0.152-0.606,0.299-0.913,0.44c-0.15,0.069-0.299,0.138-0.45,0.204  c-0.385,0.168-0.774,0.328-1.166,0.479c-0.081,0.031-0.16,0.065-0.241,0.095c-1,0.374-2.022,0.692-3.063,0.95  c-0.075,0.019-0.151,0.034-0.226,0.052c-0.431,0.103-0.865,0.197-1.302,0.279c-0.13,0.025-0.26,0.047-0.391,0.07  c-0.388,0.068-0.778,0.127-1.17,0.178c-0.151,0.02-0.302,0.041-0.454,0.058c-0.388,0.045-0.779,0.078-1.17,0.107  c-0.145,0.01-0.289,0.025-0.435,0.033C31.065,57.982,30.534,58,30,58s-1.065-0.018-1.595-0.048c-0.146-0.008-0.29-0.023-0.435-0.033  c-0.391-0.029-0.782-0.062-1.17-0.107c-0.152-0.017-0.303-0.038-0.454-0.058c-0.392-0.052-0.782-0.111-1.17-0.178  c-0.13-0.023-0.261-0.045-0.391-0.07c-0.437-0.083-0.872-0.176-1.303-0.28c-0.075-0.018-0.15-0.034-0.225-0.052  c-1.041-0.259-2.064-0.576-3.064-0.95c-0.081-0.03-0.161-0.064-0.241-0.095c-0.392-0.151-0.781-0.311-1.165-0.479  c-0.151-0.066-0.301-0.135-0.451-0.204c-0.307-0.141-0.611-0.288-0.913-0.44c-0.18-0.091-0.36-0.181-0.537-0.276  c-0.259-0.137-0.514-0.283-0.769-0.428c-0.039-0.023-0.079-0.045-0.118-0.068V44h2h6h12h6h2v10.233  c-0.039,0.023-0.078,0.045-0.118,0.068C43.628,54.447,43.373,54.592,43.114,54.729z M13.206,52.389  c-0.287-0.216-0.568-0.439-0.846-0.665c-0.092-0.074-0.183-0.149-0.274-0.224c-0.287-0.239-0.57-0.483-0.846-0.734  c-0.057-0.051-0.112-0.104-0.168-0.155c-0.93-0.855-1.803-1.77-2.61-2.742c-0.024-0.029-0.049-0.057-0.073-0.086  c-0.234-0.284-0.459-0.575-0.682-0.868c-0.082-0.108-0.164-0.216-0.244-0.325c-0.12-0.163-0.235-0.329-0.352-0.495  C7.862,40.541,12.426,36.354,18,36.031V42h-4v10.958c-0.167-0.117-0.335-0.235-0.5-0.355C13.402,52.531,13.303,52.462,13.206,52.389  z M25.491,30.791C20.709,29.022,17,20.85,17,15c0-0.128,0.015-0.253,0.019-0.38l0.732-0.903c1.651-1.964,4.47-2.526,7.012-1.4  C25.785,12.771,26.874,13,28,13c2.971,0,5.64-1.615,7.028-4.184c3.182,1.045,6.022,3.015,7.943,5.498  c0.293,6.1-3.294,14.533-8.398,16.452C33.617,31.126,33,31.999,33,32.99v0.645C33,34.938,34.062,36,35.365,36H36v6H24v-6h0.635  C25.938,36,27,34.938,27,33.635V33C27,32.014,26.395,31.126,25.491,30.791z M30.04,2.002c0.012,0,0.022,0,0.033,0  c0.489,0.003,0.97,0.03,1.43,0.083c4.959,0.553,9.126,4.005,10.752,8.589c-2.115-1.842-4.708-3.26-7.497-4.027l-0.86-0.236  l-0.333,0.826C32.644,9.522,30.46,11,28,11c-0.845,0-1.662-0.172-2.427-0.511c-2.766-1.224-5.787-0.893-8.017,0.729  c0.613-2.026,1.72-3.882,3.261-5.42C23.271,3.35,26.53,2.002,30.04,2.002z M40,42h-2v-6h2V42z M22,42h-2v-6h2V42z M19.982,3.86  c-0.193,0.174-0.392,0.338-0.578,0.523C16.564,7.218,15,10.987,15,15c0,6.629,4.19,15.593,9.797,17.666  C24.916,32.711,25,32.848,25,33v0.635C25,33.836,24.836,34,24.635,34H24h-5.311H18v0.032c-5.846,0.289-10.762,4.202-12.409,9.662  C3.309,39.642,2,34.972,2,30C2,18.09,9.478,7.9,19.982,3.86z\"><\/path><\/svg>\t\t\t<\/a>\n\t\t<\/div>\n\t\t\t\t\t\t<\/div>\n\t\t\t\t<\/div>\n\t\t\t\t<div class=\"elementor-element elementor-element-188f1df elementor-widget elementor-widget-text-editor\" data-id=\"188f1df\" data-element_type=\"widget\" data-widget_type=\"text-editor.default\">\n\t\t\t\t<div class=\"elementor-widget-container\">\n\t\t\t\t\t\t\t\t\t<p>Gulvbehandling<\/p>\t\t\t\t\t\t\t\t<\/div>\n\t\t\t\t<\/div>\n\t\t\t\t\t<\/div>\n\t\t<\/div>\n\t\t\t\t<div class=\"elementor-column elementor-col-20 elementor-inner-column elementor-element elementor-element-3ce2d19\" data-id=\"3ce2d19\" data-element_type=\"column\" data-settings=\"{&quot;background_background&quot;:&quot;gradient&quot;}\">\n\t\t\t<div class=\"elementor-widget-wrap elementor-element-populated\">\n\t\t\t\t\t\t<div class=\"elementor-element elementor-element-39c5515 elementor-view-default elementor-widget elementor-widget-icon\" data-id=\"39c5515\" data-element_type=\"widget\" data-widget_type=\"icon.default\">\n\t\t\t\t<div class=\"elementor-widget-container\">\n\t\t\t\t\t\t\t<div class=\"elementor-icon-wrapper\">\n\t\t\t<a class=\"elementor-icon elementor-animation-grow\" href=\"https:\/\/www.oernens.dk\/index.php\/radon\/\">\n\t\t\t<svg xmlns=\"http:\/\/www.w3.org\/2000\/svg\" xmlns:xlink=\"http:\/\/www.w3.org\/1999\/xlink\" id=\"svg-cc2a\" x=\"0px\" y=\"0px\" viewBox=\"0 0 60 60\" style=\"enable-background:new 0 0 60 60;\" xml:space=\"preserve\" class=\"u-svg-content\"><path d=\"M60,30c0-4.463-2.94-8.25-6.984-9.533c1.954-3.766,1.354-8.524-1.802-11.68c-3.157-3.156-7.914-3.753-11.68-1.801   C38.252,2.941,34.463,0,30,0c-4.463,0-8.251,2.941-9.533,6.986C16.7,5.033,11.942,5.633,8.787,8.787   c-3.156,3.156-3.756,7.913-1.802,11.68C2.94,21.749,0,25.537,0,30s2.94,8.251,6.985,9.533c-1.953,3.766-1.354,8.524,1.802,11.68   c1.949,1.95,4.51,2.924,7.071,2.924c1.584,0,3.168-0.375,4.608-1.122C21.749,57.059,25.537,60,30,60s8.251-2.941,9.533-6.985   c1.44,0.747,3.024,1.122,4.609,1.122c2.561,0,5.122-0.975,7.071-2.924c3.156-3.156,3.756-7.914,1.802-11.68   C57.06,38.25,60,34.463,60,30z M2,30c0-3.774,2.63-6.938,6.151-7.775c0.2,0.242,0.41,0.478,0.636,0.704L15.858,30l-7.071,7.071   c-0.226,0.226-0.436,0.462-0.636,0.704C4.63,36.938,2,33.774,2,30z M18.687,30L20,28.687v2.627L18.687,30z M20,34.142V38h-9.313   l6.586-6.586L20,34.142z M17.272,28.586L10.687,22H20v3.858L17.272,28.586z M10.201,49.799c-2.668-2.668-3.046-6.765-1.149-9.847   C9.365,39.981,9.68,40,10,40h10v10c0,0.32,0.018,0.635,0.048,0.948C16.965,52.845,12.869,52.467,10.201,49.799z M20,10v10H10   c-0.32,0-0.635,0.019-0.948,0.048c-1.897-3.082-1.519-7.178,1.149-9.847c1.56-1.56,3.608-2.339,5.656-2.339   c1.457,0,2.91,0.402,4.191,1.19C20.018,9.365,20,9.68,20,10z M30,2c3.774,0,6.938,2.63,7.776,6.151   c-0.242,0.2-0.478,0.41-0.704,0.636L30,15.858l-7.071-7.071c-0.226-0.226-0.463-0.436-0.704-0.636C23.062,4.63,26.226,2,30,2z    M31.314,20h-2.627L30,18.687L31.314,20z M22,10.687l6.586,6.586L25.858,20H22V10.687z M22,22h1.858L22,23.858V22z M22,36.142   L23.858,38H22V36.142z M22,40h3.858l2.728,2.728L22,49.313V40z M30,58c-3.774,0-6.938-2.63-7.776-6.151   c0.242-0.2,0.478-0.41,0.704-0.636L30,44.142l7.071,7.071c0.226,0.226,0.463,0.436,0.704,0.636C36.938,55.37,33.774,58,30,58z    M28.687,40h2.627L30,41.313L28.687,40z M38,49.313l-6.586-6.586L34.142,40H38V49.313z M38,38h-1.858L38,36.142V38z M38,33.314   L33.314,38h-6.627L22,33.313v-6.627L26.687,22h6.627L38,26.686V33.314z M38,23.858L36.142,22H38V23.858z M38,20h-3.858   l-2.728-2.728L38,10.687V20z M44.143,7.862c2.049,0,4.098,0.779,5.657,2.339c2.668,2.668,3.046,6.765,1.149,9.847   C50.636,20.019,50.32,20,50,20H40V10c0-0.32-0.018-0.635-0.048-0.948C41.233,8.264,42.686,7.862,44.143,7.862z M42.728,31.414   L49.314,38H40v-3.858L42.728,31.414z M40,31.314v-2.628L41.314,30L40,31.314z M40,25.858V22h9.314l-6.586,6.586L40,25.858z    M49.8,49.799c-2.67,2.668-6.766,3.046-9.848,1.149C39.982,50.635,40,50.32,40,50V40h10c0.32,0,0.636-0.019,0.949-0.048   C52.846,43.034,52.468,47.13,49.8,49.799z M51.85,37.775c-0.2-0.242-0.41-0.478-0.636-0.704L44.142,30l7.072-7.071   c0.226-0.226,0.436-0.462,0.636-0.704C55.371,23.063,58,26.227,58,30S55.371,36.937,51.85,37.775z\"><\/path><\/svg>\t\t\t<\/a>\n\t\t<\/div>\n\t\t\t\t\t\t<\/div>\n\t\t\t\t<\/div>\n\t\t\t\t<div class=\"elementor-element elementor-element-4278494 elementor-widget elementor-widget-text-editor\" data-id=\"4278494\" data-element_type=\"widget\" data-widget_type=\"text-editor.default\">\n\t\t\t\t<div class=\"elementor-widget-container\">\n\t\t\t\t\t\t\t\t\t<p>Certificeret radonbeskyttelse<\/p>\t\t\t\t\t\t\t\t<\/div>\n\t\t\t\t<\/div>\n\t\t\t\t\t<\/div>\n\t\t<\/div>\n\t\t\t\t<div class=\"elementor-column elementor-col-20 elementor-inner-column elementor-element elementor-element-db47658\" data-id=\"db47658\" data-element_type=\"column\" data-settings=\"{&quot;background_background&quot;:&quot;gradient&quot;}\">\n\t\t\t<div class=\"elementor-widget-wrap elementor-element-populated\">\n\t\t\t\t\t\t<div class=\"elementor-element elementor-element-d932281 elementor-view-default elementor-widget elementor-widget-icon\" data-id=\"d932281\" data-element_type=\"widget\" data-widget_type=\"icon.default\">\n\t\t\t\t<div class=\"elementor-widget-container\">\n\t\t\t\t\t\t\t<div class=\"elementor-icon-wrapper\">\n\t\t\t<a class=\"elementor-icon elementor-animation-grow\" href=\"https:\/\/www.oernens.dk\/index.php\/haandvaerkerhjaelp\/\">\n\t\t\t<svg xmlns=\"http:\/\/www.w3.org\/2000\/svg\" xmlns:xlink=\"http:\/\/www.w3.org\/1999\/xlink\" id=\"svg-cc2a\" x=\"0px\" y=\"0px\" viewBox=\"0 0 63.652366 84.240387\" style=\"enable-background:new 0 0 63.652366 84.240387;\" xml:space=\"preserve\" class=\"u-svg-content\"><path d=\"m 50.893138,72.669337 h 5.32369 m -5.32369,-3.143515 h 5.32369 m -5.32369,-3.141397 h 5.32369 m 6.13118,-4.136761 -3.71316,-3.278452 -0.004,0.0019 -0.0513,4.39129 -6.74555,-0.03202 c -0.65352,0.08705 -0.94747,0.478367 -0.94562,1.122363 l 0.023,9.589822 c -0.0249,1.838592 2.59133,2.015332 6.51722,2.019032 1.46447,0.002 3.27633,0.17277 4.14258,-0.85672 2.50322,-3.103559 1.44727,-12.157866 0.77681,-12.957172 z m -8.94027,13.825275 -0.008,6.32089 c 0.65326,1.74572 4.38547,1.84441 5.20039,0 0.01,-1.62189 0.0114,-3.30464 0.0135,-6.32089 m 0.003,-13.116985 0.003,-4.279106 3.64093,-2.953544 0.003,-5.245894 -1.49463,-3.504406 h -2.11005 l -0.004,5.029464 c 0,0.243153 -0.20506,0.442384 -0.44239,0.442384 l -4.38573,-0.0037 c -0.23918,0 -0.4408,-0.201348 -0.4408,-0.442384 l 0.003,-5.029729 h -2.11058 l -1.49728,3.500702 -0.003,5.245894 3.63934,3.010429 -0.004,4.229894 m -20.15954,-47.01461 2.36009,-12.9783412 c -0.59929,-3.28400905 -13.00295,-3.28400905 -13.60144,0 l 2.36114,12.9783412 M 19.954358,4.6687748 c -3.71713,2.729442 -6.427,7.0522042 -6.8453,11.9544042 -0.0529,1.175809 -1.06707,0.465402 -1.30757,2.807229 -0.11483,1.122628 -0.1577,2.20345 -0.12224,3.303059 0.0262,0.243152 0.0892,0.434975 0.18891,0.583141 h 33.89154 c 0.099,-0.148166 0.16325,-0.339989 0.18653,-0.583141 0.0344,-1.099609 -0.005,-2.180431 -0.12224,-3.303059 -0.23918,-2.341827 -1.2528,-1.63142 -1.30545,-2.807229 -0.41937,-4.9022 -3.12949,-9.2249622 -6.84636,-11.9544042 M 0.497158,76.034839 2.547418,56.88747 c 0.65537,-5.287697 6.58468,-9.067535 13.12492,-10.712185 1.82986,-0.459581 3.74809,-0.816769 5.7195,-1.059921 l 7.42024,7.857596 7.42262,-7.857596 c 1.97061,0.243152 3.88831,0.60034 5.71897,1.059921 1.64385,0.414073 3.25146,0.962819 4.74345,1.63539 0.26908,0.121444 1.06468,0.499533 1.48219,0.725487 m -34.73503,15.154804 h 3.23454 m -4.45215,-16.423745 v 13.044752 m 5.66976,0 V 45.675752 m -7.1456,30.735327 V 60.270168 h 36.12303 v 16.140911 m -2.69372,-12.720113 h -3.23348 m 4.45162,-16.423745 v 13.044752 m -5.66949,0 V 45.675752 M 15.745098,23.303379 c -1.16522,0.153723 -2.02644,1.244071 -2.02644,2.715948 0,1.743604 1.20861,3.358092 2.69928,3.608652 0.36935,2.412206 0.9218,4.67069 1.64544,5.990696 4.51326,8.235421 16.98599,8.235421 21.49872,0 0.72284,-1.320006 1.27582,-3.57849 1.64544,-5.990696 1.4904,-0.25056 2.69849,-1.865048 2.69849,-3.608652 0,-1.471877 -0.8599,-2.562225 -2.02671,-2.715948\" style=\"fill:none;stroke:#427254;stroke-width:2.5;stroke-miterlimit:4;stroke-dasharray:none;stroke-opacity:1\"><\/path><\/svg>\t\t\t<\/a>\n\t\t<\/div>\n\t\t\t\t\t\t<\/div>\n\t\t\t\t<\/div>\n\t\t\t\t<div class=\"elementor-element elementor-element-72b47a4 elementor-widget elementor-widget-text-editor\" data-id=\"72b47a4\" data-element_type=\"widget\" data-widget_type=\"text-editor.default\">\n\t\t\t\t<div class=\"elementor-widget-container\">\n\t\t\t\t\t\t\t\t\t<p>H\u00e5ndv\u00e6rkerhj\u00e6lp<\/p>\t\t\t\t\t\t\t\t<\/div>\n\t\t\t\t<\/div>\n\t\t\t\t\t<\/div>\n\t\t<\/div>\n\t\t\t\t<div class=\"elementor-column elementor-col-20 elementor-inner-column elementor-element elementor-element-d404fa6\" data-id=\"d404fa6\" data-element_type=\"column\" data-settings=\"{&quot;background_background&quot;:&quot;gradient&quot;}\">\n\t\t\t<div class=\"elementor-widget-wrap elementor-element-populated\">\n\t\t\t\t\t\t<div class=\"elementor-element elementor-element-54300fe elementor-view-default elementor-widget elementor-widget-icon\" data-id=\"54300fe\" data-element_type=\"widget\" data-widget_type=\"icon.default\">\n\t\t\t\t<div class=\"elementor-widget-container\">\n\t\t\t\t\t\t\t<div class=\"elementor-icon-wrapper\">\n\t\t\t<a class=\"elementor-icon elementor-animation-grow\" href=\"https:\/\/www.oernens.dk\/index.php\/skadedyr\/\">\n\t\t\t<svg xmlns=\"http:\/\/www.w3.org\/2000\/svg\" xmlns:xlink=\"http:\/\/www.w3.org\/1999\/xlink\" id=\"svg-cc2a\" x=\"0px\" y=\"0px\" viewBox=\"0 0 60 60\" style=\"enable-background:new 0 0 60 60;\" xml:space=\"preserve\" class=\"u-svg-content\"><path d=\"M52.844,27.116C52.412,26.396,51.689,26,50.805,26c-0.004,0-0.008,0-0.012,0c-1.667,0.006-3.673,0.667-5.235,1.724  c-1.441,0.975-3.53,2.782-5.293,5.863c-0.331,0.578-0.874,0.97-1.455,1.063c-0.002-0.134-0.001-0.287-0.001-0.432  c0-0.309,0.001-0.677-0.012-1.083V11c0-2.206-1.794-4-4-4s-4,1.794-4,4v15.5c0,0.275-0.225,0.5-0.5,0.5s-0.5-0.225-0.5-0.5V4  c0-2.206-1.794-4-4-4s-4,1.794-4,4v22.5c0,0.275-0.225,0.5-0.5,0.5s-0.5-0.225-0.5-0.5v-18c0-1.93-1.57-3.5-3.5-3.5  s-3.5,1.57-3.5,3.5v20c0,0.275-0.225,0.5-0.5,0.5s-0.5-0.225-0.5-0.5V16c0-1.93-1.57-3.5-3.51-3.5c-1.93,0-3.5,1.57-3.5,3.5  l0.002,27.197c0.968,13.983,9.545,15.869,17.808,15.869c6.846,0,12.995-3.396,16.027-8.824c0.39-0.63,1.445-2.289,2.696-4.254  c3.128-4.914,5.748-9.041,6.135-9.775c0.863-1.634,1.826-2.911,2.784-3.693c0.867-0.708,1.397-1.611,1.828-2.404  C53.29,29.703,53.484,28.186,52.844,27.116z M51.256,29.259c-0.4,0.729-0.777,1.3-1.282,1.712c-1.18,0.964-2.285,2.413-3.287,4.309  c-0.381,0.723-3.794,6.086-6.053,9.635c-1.258,1.976-2.318,3.642-2.733,4.314c-2.701,4.834-8.182,7.838-14.304,7.838  c-10.542,0-15.123-4.059-15.81-13.938V16c0-0.827,0.673-1.5,1.51-1.5c0.827,0,1.5,0.673,1.5,1.5v12.5c0,1.379,1.121,2.5,2.5,2.5  s2.5-1.121,2.5-2.5v-20c0-0.827,0.673-1.5,1.5-1.5s1.5,0.673,1.5,1.5v18c0,1.379,1.121,2.5,2.5,2.5s2.5-1.121,2.5-2.5V4  c0-1.103,0.897-2,2-2s2,0.897,2,2v22.5c0,1.379,1.121,2.5,2.5,2.5s2.5-1.121,2.5-2.5V11c0-1.103,0.897-2,2-2s2,0.897,2,2v22.166  c0.013,0.411,0.012,0.758,0.012,1.05c-0.002,0.895-0.003,1.541,0.49,2.024c0.413,0.403,0.948,0.428,1.326,0.432  c1.361-0.031,2.655-0.833,3.376-2.092c1.571-2.748,3.41-4.344,4.677-5.199c1.232-0.834,2.851-1.376,4.123-1.381  c0.001,0,0.003,0,0.004,0c0.214,0,0.263,0.063,0.292,0.1C51.294,28.35,51.303,28.979,51.256,29.259z\"><\/path><\/svg>\t\t\t<\/a>\n\t\t<\/div>\n\t\t\t\t\t\t<\/div>\n\t\t\t\t<\/div>\n\t\t\t\t<div class=\"elementor-element elementor-element-c05bc7b elementor-widget elementor-widget-text-editor\" data-id=\"c05bc7b\" data-element_type=\"widget\" data-widget_type=\"text-editor.default\">\n\t\t\t\t<div class=\"elementor-widget-container\">\n\t\t\t\t\t\t\t\t\t<p>Bek\u00e6mpelse af skadedyr<\/p>\t\t\t\t\t\t\t\t<\/div>\n\t\t\t\t<\/div>\n\t\t\t\t\t<\/div>\n\t\t<\/div>\n\t\t\t\t<div class=\"elementor-column elementor-col-20 elementor-inner-column elementor-element elementor-element-24d2d1b\" data-id=\"24d2d1b\" data-element_type=\"column\" data-settings=\"{&quot;background_background&quot;:&quot;gradient&quot;}\">\n\t\t\t<div class=\"elementor-widget-wrap elementor-element-populated\">\n\t\t\t\t\t\t<div class=\"elementor-element elementor-element-593219a elementor-view-default elementor-widget elementor-widget-icon\" data-id=\"593219a\" data-element_type=\"widget\" data-widget_type=\"icon.default\">\n\t\t\t\t<div class=\"elementor-widget-container\">\n\t\t\t\t\t\t\t<div class=\"elementor-icon-wrapper\">\n\t\t\t<a class=\"elementor-icon elementor-animation-grow\" href=\"https:\/\/www.oernens.dk\/index.php\/hjemmeservice\/\">\n\t\t\t<svg xmlns=\"http:\/\/www.w3.org\/2000\/svg\" xmlns:xlink=\"http:\/\/www.w3.org\/1999\/xlink\" id=\"svg-cc2a\" x=\"0px\" y=\"0px\" viewBox=\"0 0 60 60\" style=\"enable-background:new 0 0 60 60;\" xml:space=\"preserve\" class=\"u-svg-content\"><path d=\"M57.863,26.632l-8.681-8.061V5.365h-10v3.921L29.182,0L0.502,26.632c-0.404,0.376-0.428,1.009-0.052,1.414  c0.375,0.404,1.008,0.427,1.414,0.052l3.319-3.082v33.349h16h16h16V25.015l3.319,3.082c0.192,0.179,0.437,0.267,0.681,0.267  c0.269,0,0.536-0.107,0.732-0.319C58.291,27.641,58.267,27.008,57.863,26.632z M41.182,7.365h6v9.349l-6-5.571V7.365z   M23.182,56.365V35.302c0-0.517,0.42-0.937,0.937-0.937h10.126c0.517,0,0.937,0.42,0.937,0.937v21.063H23.182z M51.182,56.365h-14  V35.302c0-1.62-1.317-2.937-2.937-2.937H24.119c-1.62,0-2.937,1.317-2.937,2.937v21.063h-14V23.158l22-20.429l14.28,13.26  l5.72,5.311v0l2,1.857V56.365z\"><\/path><\/svg>\t\t\t<\/a>\n\t\t<\/div>\n\t\t\t\t\t\t<\/div>\n\t\t\t\t<\/div>\n\t\t\t\t<div class=\"elementor-element elementor-element-27d2db3 elementor-widget elementor-widget-text-editor\" data-id=\"27d2db3\" data-element_type=\"widget\" data-widget_type=\"text-editor.default\">\n\t\t\t\t<div class=\"elementor-widget-container\">\n\t\t\t\t\t\t\t\t\t<p>Hjemmeservice<\/p>\t\t\t\t\t\t\t\t<\/div>\n\t\t\t\t<\/div>\n\t\t\t\t\t<\/div>\n\t\t<\/div>\n\t\t\t\t\t<\/div>\n\t\t<\/section>\n\t\t\t\t\t<\/div>\n\t\t<\/div>\n\t\t\t\t\t<\/div>\n\t\t<\/section>\n\t\t\t\t<\/div>\n\t\t","protected":false},"excerpt":{"rendered":"<p>VIDEN, ERFARING, FLID PROFESSIONEL GULVPLEJE SIDEN 1948 \u00d8rnens Gulvbehandling Certificeret radonbeskyttelse H\u00e5ndv\u00e6rkerhj\u00e6lp Bek\u00e6mpelse af skadedyr Hjemmeservice<\/p>\n","protected":false},"author":1,"featured_media":0,"parent":0,"menu_order":0,"comment_status":"closed","ping_status":"closed","template":"","meta":{"footnotes":""},"class_list":["post-105","page","type-page","status-publish","hentry"],"_links":{"self":[{"href":"https:\/\/www.oernens.dk\/index.php\/wp-json\/wp\/v2\/pages\/105","targetHints":{"allow":["GET"]}}],"collection":[{"href":"https:\/\/www.oernens.dk\/index.php\/wp-json\/wp\/v2\/pages"}],"about":[{"href":"https:\/\/www.oernens.dk\/index.php\/wp-json\/wp\/v2\/types\/page"}],"author":[{"embeddable":true,"href":"https:\/\/www.oernens.dk\/index.php\/wp-json\/wp\/v2\/users\/1"}],"replies":[{"embeddable":true,"href":"https:\/\/www.oernens.dk\/index.php\/wp-json\/wp\/v2\/comments?post=105"}],"version-history":[{"count":207,"href":"https:\/\/www.oernens.dk\/index.php\/wp-json\/wp\/v2\/pages\/105\/revisions"}],"predecessor-version":[{"id":1035,"href":"https:\/\/www.oernens.dk\/index.php\/wp-json\/wp\/v2\/pages\/105\/revisions\/1035"}],"wp:attachment":[{"href":"https:\/\/www.oernens.dk\/index.php\/wp-json\/wp\/v2\/media?parent=105"}],"curies":[{"name":"wp","href":"https:\/\/api.w.org\/{rel}","templated":true}]}}